
{"id":1668,"date":"2024-09-30T21:33:11","date_gmt":"2024-09-30T20:33:11","guid":{"rendered":"http:\/\/www.skiclublaval.fr\/?page_id=1668"},"modified":"2025-12-06T18:09:31","modified_gmt":"2025-12-06T17:09:31","slug":"ski-loisir","status":"publish","type":"page","link":"http:\/\/www.skiclublaval.fr\/?page_id=1668","title":{"rendered":"Ski Loisir"},"content":{"rendered":"<div class=\"wp-block-image\">\n<figure class=\"alignright size-full\"><a href=\"https:\/\/www.instagram.com\/skiclublaval\/?igsh=MXU3YmtlbWE2bm1vMg%3D%3D&amp;fbclid=IwZXh0bgNhZW0CMTEAAR1vwnTlGdVSzw7gxyXAqz9M_iE4JrVhnuP2r3WTRw-myPRa1CbJ4BVFb-M_aem_X6wJPxmtHwXm7KRDi504CQ\"><img loading=\"lazy\" decoding=\"async\" width=\"116\" height=\"51\" src=\"https:\/\/www.skiclublaval.fr\/wp-content\/uploads\/2025\/01\/image-3.png\" alt=\"\" class=\"wp-image-1979\"\/><\/a><\/figure>\n<\/div>\n\n<div class=\"wp-block-image\">\n<figure class=\"alignright size-full\"><a href=\"https:\/\/www.facebook.com\/profile.php?id=100054274281363&amp;rdid=S4gPhZ9q3WGyNWbz&amp;share_url=https%3A%2F%2Fwww.facebook.com%2Fshare%2F15UrihcY22%2F\"><img loading=\"lazy\" decoding=\"async\" width=\"51\" height=\"49\" src=\"https:\/\/www.skiclublaval.fr\/wp-content\/uploads\/2025\/01\/image-2.png\" alt=\"\" class=\"wp-image-1972\"\/><\/a><\/figure>\n<\/div>\n\n\n<p id=\"block-e1773992-0059-43e0-a7ff-b184ba494e8c\"><br><a href=\"http:\/\/www.skiclublaval.fr\/wp-content\/uploads\/2025\/10\/Brochure-Saison-2025-2026.pdf\">Brochure<\/a><\/p>\n\n\n\n<p><a href=\"http:\/\/www.skiclublaval.fr\/wp-content\/uploads\/2025\/09\/Bulletin-inscription-2025-2026.pdf\">Bulletin d\u2019inscription<\/a><\/p>\n\n\n\n<p id=\"block-e1773992-0059-43e0-a7ff-b184ba494e8c\"><strong><a href=\"https:\/\/www.helloasso.com\/associations\/ski-club-lavallois\/evenements\/semaine-prapoutel-les-7-laux-2026\">LES 7 LAUX<\/a><\/strong><\/p>\n\n\n\n<p id=\"block-44c550df-bea8-4169-a430-a1d76eda8240\"><strong>Du 11 au 17 janvier 2026<\/strong><\/p>\n\n\n\n<p id=\"block-06ce1c7f-e592-45d2-ad40-22bf74e66de1\">Stage d\u2019une semaine, encadr\u00e9 par 3 moniteurs du club.<br>Vous serez h\u00e9berg\u00e9s en demi pension \u00e0 PRAPOUTEL LES 7 LAUX au Village Club Mil\u00e9ade, le transport s\u2019effectue en car si\u00e8ges grand confort, au d\u00e9part de la maison des associations, pour vous d\u00e9poser le lendemain matin aux pieds des pistes.<\/p>\n\n\n\n<p id=\"block-d8fa72d7-29f9-41ec-af6b-aa5ed59fad58\"><strong><a href=\"https:\/\/www.helloasso.com\/associations\/ski-club-lavallois\/evenements\/semaine-valloire-2026\" target=\"_blank\" rel=\"noreferrer noopener\">VALLOIRE<\/a><\/strong><\/p>\n\n\n\n<p id=\"block-96ed0de0-c2da-4154-84a3-cd35817abf0a\"><strong>Du 18 au 24 janvier 2026<\/strong><\/p>\n\n\n\n<p id=\"block-0a68f39a-8f21-4691-82ee-2b13b8e36dfd\">Stage d\u2019une semaine, encadr\u00e9 par 4 moniteurs du club.<br>Vous serez h\u00e9berg\u00e9s en demi pension \u00e0 l&rsquo;h\u00f4tel de La Poste, le transport s\u2019effectue en car si\u00e8ges grand confort, au d\u00e9part de Cign\u00e9, Mayenne ou Laval, pour vous d\u00e9poser le lendemain matin aux pieds des pistes.<\/p>\n\n\n\n<p id=\"block-d8fa72d7-29f9-41ec-af6b-aa5ed59fad58\"><strong><a href=\"https:\/\/www.helloasso.com\/associations\/ski-club-lavallois\/evenements\/sejour-jeunes-familles-crest-voland-2026\">CREST VOLAND<\/a><\/strong><\/p>\n\n\n\n<p id=\"block-96ed0de0-c2da-4154-84a3-cd35817abf0a\"><strong>Du 14 au 21 f\u00e9vrier 2026<\/strong><\/p>\n\n\n\n<p id=\"block-0a68f39a-8f21-4691-82ee-2b13b8e36dfd\">Il s\u2019agit du s\u00e9jour \u00ab\u00a0jeunes, famille, amis\u00a0\u00bb, encadr\u00e9 par 6 moniteurs du club.<br>Vous serez h\u00e9berg\u00e9s en pension compl\u00e8te au chalet Chanteneige \u00e0 Crest Voland, aucun transport n&rsquo;est assur\u00e9..<\/p>\n\n\n\n<p id=\"block-e549144d-9c5d-40ba-99e9-917e47a7ff66\"><strong><a href=\"https:\/\/www.helloasso.com\/associations\/ski-club-lavallois\/evenements\/week-end-4j-la-plagne-2026\" data-type=\"link\" data-id=\"https:\/\/www.helloasso.com\/associations\/ski-club-lavallois\/evenements\/week-end-4j-la-plagne-2026\"><mark style=\"background-color:rgba(0, 0, 0, 0)\" class=\"has-inline-color has-vivid-red-color\">L&rsquo;ALPE D&rsquo;HUEZ<\/mark><\/a><\/strong><\/p>\n\n\n\n<p id=\"block-d767a0f7-aa4d-4d89-a017-c8177d40e73e\"><strong>Du 14 au 17 mars 2026<\/strong><\/p>\n\n\n\n<p id=\"block-e03264ea-dd6f-4f6b-8711-01190863acd4\">Stage de 4 jours, encadr\u00e9 par 4 moniteurs du club.<br>Vous serez h\u00e9berg\u00e9s en pension compl\u00e8te au VTF Le Balcon de l&rsquo;Alpe \u00e0 L&rsquo;ALPE D&rsquo;HUEZ, le transport s\u2019effectue en car couchettes, au d\u00e9part de la maison des associations, pour vous d\u00e9poser le lendemain matin aux pieds des pistes.<\/p>\n\n\n\n<p id=\"block-e03264ea-dd6f-4f6b-8711-01190863acd4\"><em><strong>Permanences \u00e0 la maison des associations au 17, rue de Rastatt \u00e0 LAVAL : Le mercredi de 18h \u00e0 19h30 et le samedi de 10h \u00e0 12h du 11\/10\/2025 au 11\/03\/2025 (sauf vacances scolaires No\u00ebl et f\u00e9vrier)<\/strong><\/em><\/p>\n","protected":false},"excerpt":{"rendered":"<p>Brochure Bulletin d\u2019inscription LES 7 LAUX Du 11 au 17 janvier 2026 Stage d\u2019une semaine, encadr\u00e9 par 3 moniteurs du club.Vous serez h\u00e9berg\u00e9s en demi pension \u00e0 PRAPOUTEL LES 7 LAUX au Village Club Mil\u00e9ade, le transport s\u2019effectue en car si\u00e8ges grand confort, au d\u00e9part de la maison des associations, pour vous d\u00e9poser le lendemain [&hellip;]<\/p>\n","protected":false},"author":4,"featured_media":0,"parent":0,"menu_order":0,"comment_status":"closed","ping_status":"closed","template":"","meta":{"footnotes":""},"class_list":["post-1668","page","type-page","status-publish","hentry"],"_links":{"self":[{"href":"http:\/\/www.skiclublaval.fr\/index.php?rest_route=\/wp\/v2\/pages\/1668","targetHints":{"allow":["GET"]}}],"collection":[{"href":"http:\/\/www.skiclublaval.fr\/index.php?rest_route=\/wp\/v2\/pages"}],"about":[{"href":"http:\/\/www.skiclublaval.fr\/index.php?rest_route=\/wp\/v2\/types\/page"}],"author":[{"embeddable":true,"href":"http:\/\/www.skiclublaval.fr\/index.php?rest_route=\/wp\/v2\/users\/4"}],"replies":[{"embeddable":true,"href":"http:\/\/www.skiclublaval.fr\/index.php?rest_route=%2Fwp%2Fv2%2Fcomments&post=1668"}],"version-history":[{"count":96,"href":"http:\/\/www.skiclublaval.fr\/index.php?rest_route=\/wp\/v2\/pages\/1668\/revisions"}],"predecessor-version":[{"id":2031,"href":"http:\/\/www.skiclublaval.fr\/index.php?rest_route=\/wp\/v2\/pages\/1668\/revisions\/2031"}],"wp:attachment":[{"href":"http:\/\/www.skiclublaval.fr\/index.php?rest_route=%2Fwp%2Fv2%2Fmedia&parent=1668"}],"curies":[{"name":"wp","href":"https:\/\/api.w.org\/{rel}","templated":true}]}}