
{"id":112,"date":"2024-09-30T21:34:17","date_gmt":"2024-09-30T20:34:17","guid":{"rendered":"http:\/\/wp.skiclublaval.fr\/?page_id=112"},"modified":"2025-09-26T17:30:07","modified_gmt":"2025-09-26T16:30:07","slug":"enseignement","status":"publish","type":"page","link":"http:\/\/www.skiclublaval.fr\/?page_id=112","title":{"rendered":"Enseignement"},"content":{"rendered":"<div class=\"wp-block-image\">\n<figure class=\"alignright size-full\"><a href=\"https:\/\/www.instagram.com\/skiclublaval\/?igsh=MXU3YmtlbWE2bm1vMg%3D%3D&amp;fbclid=IwZXh0bgNhZW0CMTEAAR1vwnTlGdVSzw7gxyXAqz9M_iE4JrVhnuP2r3WTRw-myPRa1CbJ4BVFb-M_aem_X6wJPxmtHwXm7KRDi504CQ\"><img loading=\"lazy\" decoding=\"async\" width=\"116\" height=\"51\" src=\"https:\/\/www.skiclublaval.fr\/wp-content\/uploads\/2025\/01\/image-3.png\" alt=\"\" class=\"wp-image-1979\"\/><\/a><\/figure>\n<\/div>\n\n<div class=\"wp-block-image\">\n<figure class=\"alignright size-full\"><a href=\"https:\/\/www.facebook.com\/profile.php?id=100054274281363&amp;rdid=S4gPhZ9q3WGyNWbz&amp;share_url=https%3A%2F%2Fwww.facebook.com%2Fshare%2F15UrihcY22%2F\"><img loading=\"lazy\" decoding=\"async\" width=\"51\" height=\"49\" src=\"https:\/\/www.skiclublaval.fr\/wp-content\/uploads\/2025\/01\/image-2.png\" alt=\"\" class=\"wp-image-1972\"\/><\/a><\/figure>\n<\/div>\n\n<p>L\u2019une des vocations du club est de faire d\u00e9couvrir le ski au plus grand nombre.<\/p>\n<p>C\u2019est la mission de nos moniteurs f\u00e9d\u00e9raux.<\/p>\n<p><a href=\"http:\/\/www.skiclublaval.fr\/wp-content\/uploads\/2025\/01\/MONITEURS-2024_2025-scaled.jpg\"><img loading=\"lazy\" decoding=\"async\" class=\"alignnone wp-image-1962 size-full\" src=\"http:\/\/www.skiclublaval.fr\/wp-content\/uploads\/2025\/01\/MONITEURS-2024_2025-scaled.jpg\" alt=\"\" width=\"2560\" height=\"647\" srcset=\"http:\/\/www.skiclublaval.fr\/wp-content\/uploads\/2025\/01\/MONITEURS-2024_2025-scaled.jpg 2560w, http:\/\/www.skiclublaval.fr\/wp-content\/uploads\/2025\/01\/MONITEURS-2024_2025-300x76.jpg 300w, http:\/\/www.skiclublaval.fr\/wp-content\/uploads\/2025\/01\/MONITEURS-2024_2025-1024x259.jpg 1024w, http:\/\/www.skiclublaval.fr\/wp-content\/uploads\/2025\/01\/MONITEURS-2024_2025-768x194.jpg 768w, http:\/\/www.skiclublaval.fr\/wp-content\/uploads\/2025\/01\/MONITEURS-2024_2025-1536x388.jpg 1536w, http:\/\/www.skiclublaval.fr\/wp-content\/uploads\/2025\/01\/MONITEURS-2024_2025-2048x518.jpg 2048w\" sizes=\"auto, (max-width: 2560px) 100vw, 2560px\" \/><\/a><\/p>\n<p>22 moniteurs et monitrices enseignent au sein du club. Tous re\u00e7urent une formation et obtinrent le dipl\u00f4me f\u00e9d\u00e9ral de moniteur. Ils ont pour mission de vous apprendre les rudiments du ski en toute s\u00e9curit\u00e9.<br \/>Avec chacun leurs sp\u00e9cificit\u00e9s, nos moniteurs sont aptes \u00e0 vous dispenser un enseignement en ski alpin, que vous soyez d\u00e9butants, initi\u00e9s ou confirm\u00e9s.<\/p>\n<p>Pour chaque sortie du club, le groupe est r\u00e9parti en groupes de niveau et encadr\u00e9 par 4 ou 5 moniteurs. Au cours de chaque stage, les moniteurs alternent les groupes afin d\u2019harmoniser le niveau de groupe et optimiser la progression des skieurs, tout en tenant compte de leur forme physique.<br \/>R\u00e9guli\u00e8rement, les moniteurs suivent un stage de recyclage, pour mettre \u00e0 jour et parfaire leurs connaissances et leur p\u00e9dagogie.<\/p>\n<p><em><strong>Permanences \u00e0 la maison des associations au 17, rue de Rastatt \u00e0 LAVAL : Le mercredi de 18h \u00e0 19h30 et le samedi de 10h \u00e0 12h du 11\/10\/2025 au 11\/03\/2026 (sauf vacances scolaires No\u00ebl et f\u00e9vrier)<\/strong><\/em><\/p>","protected":false},"excerpt":{"rendered":"<p>L\u2019une des vocations du club est de faire d\u00e9couvrir le ski au plus grand nombre. C\u2019est la mission de nos moniteurs f\u00e9d\u00e9raux. 22 moniteurs et monitrices enseignent au sein du club. Tous re\u00e7urent une formation et obtinrent le dipl\u00f4me f\u00e9d\u00e9ral de moniteur. Ils ont pour mission de vous apprendre les rudiments du ski en toute [&hellip;]<\/p>\n","protected":false},"author":4,"featured_media":0,"parent":0,"menu_order":3,"comment_status":"open","ping_status":"closed","template":"","meta":{"footnotes":""},"class_list":["post-112","page","type-page","status-publish","hentry"],"_links":{"self":[{"href":"http:\/\/www.skiclublaval.fr\/index.php?rest_route=\/wp\/v2\/pages\/112","targetHints":{"allow":["GET"]}}],"collection":[{"href":"http:\/\/www.skiclublaval.fr\/index.php?rest_route=\/wp\/v2\/pages"}],"about":[{"href":"http:\/\/www.skiclublaval.fr\/index.php?rest_route=\/wp\/v2\/types\/page"}],"author":[{"embeddable":true,"href":"http:\/\/www.skiclublaval.fr\/index.php?rest_route=\/wp\/v2\/users\/4"}],"replies":[{"embeddable":true,"href":"http:\/\/www.skiclublaval.fr\/index.php?rest_route=%2Fwp%2Fv2%2Fcomments&post=112"}],"version-history":[{"count":58,"href":"http:\/\/www.skiclublaval.fr\/index.php?rest_route=\/wp\/v2\/pages\/112\/revisions"}],"predecessor-version":[{"id":1997,"href":"http:\/\/www.skiclublaval.fr\/index.php?rest_route=\/wp\/v2\/pages\/112\/revisions\/1997"}],"wp:attachment":[{"href":"http:\/\/www.skiclublaval.fr\/index.php?rest_route=%2Fwp%2Fv2%2Fmedia&parent=112"}],"curies":[{"name":"wp","href":"https:\/\/api.w.org\/{rel}","templated":true}]}}